{"id":838,"date":"2017-09-10T17:59:11","date_gmt":"2017-09-10T15:59:11","guid":{"rendered":"https:\/\/vieconsult.at\/360-feedbacks"},"modified":"2023-02-23T11:31:17","modified_gmt":"2023-02-23T10:31:17","slug":"360-feedbacks","status":"publish","type":"page","link":"https:\/\/vieconsult.at\/en\/services\/360-feedbacks","title":{"rendered":"360-degree Feedback"},"content":{"rendered":"","protected":false},"excerpt":{"rendered":"","protected":false},"author":1,"featured_media":7562,"parent":857,"menu_order":1,"comment_status":"closed","ping_status":"closed","template":"","meta":{"_acf_changed":false,"footnotes":""},"class_list":["post-838","page","type-page","status-publish","has-post-thumbnail","hentry"],"acf":[],"yoast_head":"<!-- This site is optimized with the Yoast SEO plugin v27.6 - https:\/\/yoast.com\/product\/yoast-seo-wordpress\/ -->\n<title>360-degree Feedback: Provider in Europe - vieconsult<\/title>\n<meta name=\"description\" content=\"vieconsult GmbH is a specialized provider of 360-degree feedback and employee surveys based in Vienna (Austria) and Frankfurt (Germany).\" \/>\n<meta name=\"robots\" content=\"index, follow, max-snippet:-1, max-image-preview:large, max-video-preview:-1\" \/>\n<link rel=\"canonical\" href=\"https:\/\/vieconsult.at\/leistungen\/360-feedbacks\" \/>\n<meta property=\"og:locale\" content=\"en_US\" \/>\n<meta property=\"og:type\" content=\"article\" \/>\n<meta property=\"og:title\" content=\"360-degree Feedback: Provider in Europe - vieconsult\" \/>\n<meta property=\"og:description\" content=\"vieconsult GmbH is a specialized provider of 360-degree feedback and employee surveys based in Vienna (Austria) and Frankfurt (Germany).\" \/>\n<meta property=\"og:url\" content=\"https:\/\/vieconsult.at\/leistungen\/360-feedbacks\" \/>\n<meta property=\"og:site_name\" content=\"vieconsult | vienna corporate research and development gmbh\" \/>\n<meta property=\"article:modified_time\" content=\"2023-02-23T10:31:17+00:00\" \/>\n<meta property=\"og:image\" content=\"https:\/\/vieconsult.at\/wp-content\/uploads\/2021\/11\/surfer-team-small.jpg\" \/>\n\t<meta property=\"og:image:width\" content=\"512\" \/>\n\t<meta property=\"og:image:height\" content=\"295\" \/>\n\t<meta property=\"og:image:type\" content=\"image\/jpeg\" \/>\n<meta name=\"twitter:card\" content=\"summary_large_image\" \/>\n<script type=\"application\/ld+json\" class=\"yoast-schema-graph\">{\"@context\":\"https:\\\/\\\/schema.org\",\"@graph\":[{\"@type\":\"WebPage\",\"@id\":\"https:\\\/\\\/vieconsult.at\\\/leistungen\\\/360-feedbacks\",\"url\":\"https:\\\/\\\/vieconsult.at\\\/leistungen\\\/360-feedbacks\",\"name\":\"360-degree Feedback: Provider in Europe - vieconsult\",\"isPartOf\":{\"@id\":\"https:\\\/\\\/vieconsult.at\\\/#website\"},\"primaryImageOfPage\":{\"@id\":\"https:\\\/\\\/vieconsult.at\\\/leistungen\\\/360-feedbacks#primaryimage\"},\"image\":{\"@id\":\"https:\\\/\\\/vieconsult.at\\\/leistungen\\\/360-feedbacks#primaryimage\"},\"thumbnailUrl\":\"https:\\\/\\\/vieconsult.at\\\/wp-content\\\/uploads\\\/2021\\\/11\\\/surfer-team-small.jpg\",\"datePublished\":\"2017-09-10T15:59:11+00:00\",\"dateModified\":\"2023-02-23T10:31:17+00:00\",\"description\":\"vieconsult GmbH is a specialized provider of 360-degree feedback and employee surveys based in Vienna (Austria) and Frankfurt (Germany).\",\"breadcrumb\":{\"@id\":\"https:\\\/\\\/vieconsult.at\\\/leistungen\\\/360-feedbacks#breadcrumb\"},\"inLanguage\":\"en-US\",\"potentialAction\":[{\"@type\":\"ReadAction\",\"target\":[\"https:\\\/\\\/vieconsult.at\\\/leistungen\\\/360-feedbacks\"]}]},{\"@type\":\"ImageObject\",\"inLanguage\":\"en-US\",\"@id\":\"https:\\\/\\\/vieconsult.at\\\/leistungen\\\/360-feedbacks#primaryimage\",\"url\":\"https:\\\/\\\/vieconsult.at\\\/wp-content\\\/uploads\\\/2021\\\/11\\\/surfer-team-small.jpg\",\"contentUrl\":\"https:\\\/\\\/vieconsult.at\\\/wp-content\\\/uploads\\\/2021\\\/11\\\/surfer-team-small.jpg\",\"width\":512,\"height\":295,\"caption\":\"360-Grad-Feedback f\u00fcr F\u00fchrungskr\u00e4fte\"},{\"@type\":\"BreadcrumbList\",\"@id\":\"https:\\\/\\\/vieconsult.at\\\/leistungen\\\/360-feedbacks#breadcrumb\",\"itemListElement\":[{\"@type\":\"ListItem\",\"position\":1,\"name\":\"Startseite\",\"item\":\"https:\\\/\\\/vieconsult.at\\\/en\"},{\"@type\":\"ListItem\",\"position\":2,\"name\":\"Services\",\"item\":\"https:\\\/\\\/vieconsult.at\\\/leistungen\"},{\"@type\":\"ListItem\",\"position\":3,\"name\":\"360-degree Feedback\"}]},{\"@type\":\"WebSite\",\"@id\":\"https:\\\/\\\/vieconsult.at\\\/#website\",\"url\":\"https:\\\/\\\/vieconsult.at\\\/\",\"name\":\"vieconsult | vienna corporate research and development gmbh\",\"description\":\"\",\"publisher\":{\"@id\":\"https:\\\/\\\/vieconsult.at\\\/#organization\"},\"potentialAction\":[{\"@type\":\"SearchAction\",\"target\":{\"@type\":\"EntryPoint\",\"urlTemplate\":\"https:\\\/\\\/vieconsult.at\\\/?s={search_term_string}\"},\"query-input\":{\"@type\":\"PropertyValueSpecification\",\"valueRequired\":true,\"valueName\":\"search_term_string\"}}],\"inLanguage\":\"en-US\"},{\"@type\":\"Organization\",\"@id\":\"https:\\\/\\\/vieconsult.at\\\/#organization\",\"name\":\"vieconsult | vienna corporate research and development gmbh\",\"url\":\"https:\\\/\\\/vieconsult.at\\\/\",\"logo\":{\"@type\":\"ImageObject\",\"inLanguage\":\"en-US\",\"@id\":\"https:\\\/\\\/vieconsult.at\\\/#\\\/schema\\\/logo\\\/image\\\/\",\"url\":\"https:\\\/\\\/vieconsult.at\\\/wp-content\\\/uploads\\\/2017\\\/10\\\/Logo-color-XL.png\",\"contentUrl\":\"https:\\\/\\\/vieconsult.at\\\/wp-content\\\/uploads\\\/2017\\\/10\\\/Logo-color-XL.png\",\"width\":440,\"height\":112,\"caption\":\"vieconsult | vienna corporate research and development gmbh\"},\"image\":{\"@id\":\"https:\\\/\\\/vieconsult.at\\\/#\\\/schema\\\/logo\\\/image\\\/\"},\"sameAs\":[\"https:\\\/\\\/at.linkedin.com\\\/company\\\/vieconsult-vienna-corporate-research-and-development-gmbh\"]}]}<\/script>\n<!-- \/ Yoast SEO plugin. -->","yoast_head_json":{"title":"360-degree Feedback: Provider in Europe - vieconsult","description":"vieconsult GmbH is a specialized provider of 360-degree feedback and employee surveys based in Vienna (Austria) and Frankfurt (Germany).","robots":{"index":"index","follow":"follow","max-snippet":"max-snippet:-1","max-image-preview":"max-image-preview:large","max-video-preview":"max-video-preview:-1"},"canonical":"https:\/\/vieconsult.at\/leistungen\/360-feedbacks","og_locale":"en_US","og_type":"article","og_title":"360-degree Feedback: Provider in Europe - vieconsult","og_description":"vieconsult GmbH is a specialized provider of 360-degree feedback and employee surveys based in Vienna (Austria) and Frankfurt (Germany).","og_url":"https:\/\/vieconsult.at\/leistungen\/360-feedbacks","og_site_name":"vieconsult | vienna corporate research and development gmbh","article_modified_time":"2023-02-23T10:31:17+00:00","og_image":[{"width":512,"height":295,"url":"https:\/\/vieconsult.at\/wp-content\/uploads\/2021\/11\/surfer-team-small.jpg","type":"image\/jpeg"}],"twitter_card":"summary_large_image","schema":{"@context":"https:\/\/schema.org","@graph":[{"@type":"WebPage","@id":"https:\/\/vieconsult.at\/leistungen\/360-feedbacks","url":"https:\/\/vieconsult.at\/leistungen\/360-feedbacks","name":"360-degree Feedback: Provider in Europe - vieconsult","isPartOf":{"@id":"https:\/\/vieconsult.at\/#website"},"primaryImageOfPage":{"@id":"https:\/\/vieconsult.at\/leistungen\/360-feedbacks#primaryimage"},"image":{"@id":"https:\/\/vieconsult.at\/leistungen\/360-feedbacks#primaryimage"},"thumbnailUrl":"https:\/\/vieconsult.at\/wp-content\/uploads\/2021\/11\/surfer-team-small.jpg","datePublished":"2017-09-10T15:59:11+00:00","dateModified":"2023-02-23T10:31:17+00:00","description":"vieconsult GmbH is a specialized provider of 360-degree feedback and employee surveys based in Vienna (Austria) and Frankfurt (Germany).","breadcrumb":{"@id":"https:\/\/vieconsult.at\/leistungen\/360-feedbacks#breadcrumb"},"inLanguage":"en-US","potentialAction":[{"@type":"ReadAction","target":["https:\/\/vieconsult.at\/leistungen\/360-feedbacks"]}]},{"@type":"ImageObject","inLanguage":"en-US","@id":"https:\/\/vieconsult.at\/leistungen\/360-feedbacks#primaryimage","url":"https:\/\/vieconsult.at\/wp-content\/uploads\/2021\/11\/surfer-team-small.jpg","contentUrl":"https:\/\/vieconsult.at\/wp-content\/uploads\/2021\/11\/surfer-team-small.jpg","width":512,"height":295,"caption":"360-Grad-Feedback f\u00fcr F\u00fchrungskr\u00e4fte"},{"@type":"BreadcrumbList","@id":"https:\/\/vieconsult.at\/leistungen\/360-feedbacks#breadcrumb","itemListElement":[{"@type":"ListItem","position":1,"name":"Startseite","item":"https:\/\/vieconsult.at\/en"},{"@type":"ListItem","position":2,"name":"Services","item":"https:\/\/vieconsult.at\/leistungen"},{"@type":"ListItem","position":3,"name":"360-degree Feedback"}]},{"@type":"WebSite","@id":"https:\/\/vieconsult.at\/#website","url":"https:\/\/vieconsult.at\/","name":"vieconsult | vienna corporate research and development gmbh","description":"","publisher":{"@id":"https:\/\/vieconsult.at\/#organization"},"potentialAction":[{"@type":"SearchAction","target":{"@type":"EntryPoint","urlTemplate":"https:\/\/vieconsult.at\/?s={search_term_string}"},"query-input":{"@type":"PropertyValueSpecification","valueRequired":true,"valueName":"search_term_string"}}],"inLanguage":"en-US"},{"@type":"Organization","@id":"https:\/\/vieconsult.at\/#organization","name":"vieconsult | vienna corporate research and development gmbh","url":"https:\/\/vieconsult.at\/","logo":{"@type":"ImageObject","inLanguage":"en-US","@id":"https:\/\/vieconsult.at\/#\/schema\/logo\/image\/","url":"https:\/\/vieconsult.at\/wp-content\/uploads\/2017\/10\/Logo-color-XL.png","contentUrl":"https:\/\/vieconsult.at\/wp-content\/uploads\/2017\/10\/Logo-color-XL.png","width":440,"height":112,"caption":"vieconsult | vienna corporate research and development gmbh"},"image":{"@id":"https:\/\/vieconsult.at\/#\/schema\/logo\/image\/"},"sameAs":["https:\/\/at.linkedin.com\/company\/vieconsult-vienna-corporate-research-and-development-gmbh"]}]}},"_links":{"self":[{"href":"https:\/\/vieconsult.at\/en\/wp-json\/wp\/v2\/pages\/838","targetHints":{"allow":["GET"]}}],"collection":[{"href":"https:\/\/vieconsult.at\/en\/wp-json\/wp\/v2\/pages"}],"about":[{"href":"https:\/\/vieconsult.at\/en\/wp-json\/wp\/v2\/types\/page"}],"author":[{"embeddable":true,"href":"https:\/\/vieconsult.at\/en\/wp-json\/wp\/v2\/users\/1"}],"replies":[{"embeddable":true,"href":"https:\/\/vieconsult.at\/en\/wp-json\/wp\/v2\/comments?post=838"}],"version-history":[{"count":0,"href":"https:\/\/vieconsult.at\/en\/wp-json\/wp\/v2\/pages\/838\/revisions"}],"up":[{"embeddable":true,"href":"https:\/\/vieconsult.at\/en\/wp-json\/wp\/v2\/pages\/857"}],"wp:featuredmedia":[{"embeddable":true,"href":"https:\/\/vieconsult.at\/en\/wp-json\/wp\/v2\/media\/7562"}],"wp:attachment":[{"href":"https:\/\/vieconsult.at\/en\/wp-json\/wp\/v2\/media?parent=838"}],"curies":[{"name":"wp","href":"https:\/\/api.w.org\/{rel}","templated":true}]}}